{"id":721,"date":"2024-10-27T17:23:37","date_gmt":"2024-10-27T17:23:37","guid":{"rendered":"https:\/\/www.agilethinks.com\/?page_id=721"},"modified":"2024-10-27T17:44:06","modified_gmt":"2024-10-27T17:44:06","slug":"scrum-developer","status":"publish","type":"page","link":"https:\/\/www.agilethinks.com\/index.php\/scrum-developer\/","title":{"rendered":"SCRUM DEVELOPER"},"content":{"rendered":"\n<div class=\"wp-block-media-text is-stacked-on-mobile\"><figure class=\"wp-block-media-text__media\"><img loading=\"lazy\" decoding=\"async\" width=\"1024\" height=\"768\" src=\"https:\/\/www.agilethinks.com\/wp-content\/uploads\/2024\/10\/austin-distel-wD1LRb9OeEo-unsplash-1024x768.jpg\" alt=\"\" class=\"wp-image-722 size-full\" srcset=\"https:\/\/www.agilethinks.com\/wp-content\/uploads\/2024\/10\/austin-distel-wD1LRb9OeEo-unsplash-1024x768.jpg 1024w, https:\/\/www.agilethinks.com\/wp-content\/uploads\/2024\/10\/austin-distel-wD1LRb9OeEo-unsplash-300x225.jpg 300w, https:\/\/www.agilethinks.com\/wp-content\/uploads\/2024\/10\/austin-distel-wD1LRb9OeEo-unsplash-768x576.jpg 768w, https:\/\/www.agilethinks.com\/wp-content\/uploads\/2024\/10\/austin-distel-wD1LRb9OeEo-unsplash-1536x1152.jpg 1536w, https:\/\/www.agilethinks.com\/wp-content\/uploads\/2024\/10\/austin-distel-wD1LRb9OeEo-unsplash-2048x1536.jpg 2048w\" sizes=\"(max-width: 1024px) 100vw, 1024px\" \/><\/figure><div class=\"wp-block-media-text__content\">\n<p><strong>OBJETIVO DEL CURSO<\/strong><br>1.Entender el rol de un Scrum Master basada en el Scrum Guide\u2122<br>2.Comprender las responsabilidades del Scrum Master<br>3.Prepararse para ejercer el rol de un Scrum Master en una organizaci\u00f3n que usa Scrum.<br>4.Entender los t\u00e9rminos y definiciones claves para pasar con \u00e9xito el examen de Scrum Master Professional Certificate SMPC\u00ae<br>5.Alcanzar el reconocimiento con la Certificaci\u00f3n Profesional de CertiProf\u00ae<\/p>\n\n\n\n<p><strong>\u00bfQui\u00e9n debe atender esta certificaci\u00f3n?<\/strong><\/p>\n\n\n\n<p>Cualquier persona que est\u00e9 interesada en ampliar sus conocimientos en el Rol de Scrum Developer.<\/p>\n\n\n\n<p>IT Leadership (Managers\/Directors\/VPs\/CIOs\/CTOs)<br>Project Managers<br>Product Owners<br>Scrum Masters<br>Aspirantes a ser Scrum Developers<br>Team Leaders<\/p>\n<\/div><\/div>\n\n\n\n<figure class=\"wp-block-pullquote\"><blockquote><p>&#8220;La inteligencia consiste no solo en el conocimiento, sino tambi\u00e9n en la destreza de aplicar los conocimientos en la pr\u00e1ctica\u201d Arist\u00f3teles<\/p><\/blockquote><\/figure>\n\n\n\n<p><strong>PROGRAMA DEL CURSO<\/strong><\/p>\n\n\n\n<p>A lo largo del curso estaremos estudiando una serie de temas que le permitir\u00e1 la estudiante tener el conocimiento para trabajar y desarrollar en un equipo Agile adem\u00e1s de tener una visi\u00f3n general de la agilidad. El plan de estudio consta de los siguientes temas que se estar\u00e1n desarrollando a lo larde del curso.<br>A continuaci\u00f3n, los temas principales que se desarrollaran en el curso:<\/p>\n\n\n\n<p><\/p>\n\n\n\n<div class=\"wp-block-group\"><div class=\"wp-block-group__inner-container is-layout-grid wp-container-core-group-is-layout-1 wp-block-group-is-layout-grid\">\n<p>\u00bfQu\u00e9 es Agile?<br>Manifiesto \u00c1gil<br>Aspectos o Pilares del Manifiesto<br>Principios Detr\u00e1s del Manifiesto \u00c1gil<br>Gesti\u00f3n de Proyectos Tradicional<br>Descripci\u00f3n de las Metodolog\u00edas Agile<br>Tipos de enfoques (Crystal,FDD,XP, Metodolog\u00eda Din\u00e1mica de Desarrollo de Sistemas (DSDM)<\/p>\n\n\n\n<p class=\"has-text-align-center wp-container-content-1\">Teor\u00eda de Scrum:<br>Valores de Scrum<br>Scrum Team<br>Principios de Scrum<br>Eventos de Scrum<br>Artefactos de Scrum<\/p>\n\n\n\n<p class=\"wp-container-content-2\">El Desarrollo del Producto<br>T\u00e9cnicas de Priorizaci\u00f3n, estimaci\u00f3n Planning P\u00f3ker, estimaci\u00f3n de tiempo y velocity<br>Trabajo en Progreso<br>Technical Debt (Deuda T\u00e9cnica)<br>Refactorizaci\u00f3n<br>Kanban y desarrollo Iterativo<\/p>\n<\/div><\/div>\n\n\n\n<p><strong>HORARIO DE CLASE<\/strong><br>Mi\u00e9rcoles de 6 PM a 7 PM y viernes de 6 PM a 7 PM, contamos con otros horarios seg\u00fan la necesidad del alumno.<\/p>\n\n\n\n<p><strong>SOBRE EL PROFESOR<\/strong><br>Daniel Chavez cuenta con m\u00e1s de 25 a\u00f1os de experiencia en la industria de tecnolog\u00eda de la informaci\u00f3n, se ha desrrollado como programador y analista de sistemas en donde ha trabajado en el area de telecomunicaciones, seguro m\u00e9dico entre otros. En los ultimos a\u00f1os est\u00e1 trabajando como Scrum Master en un plan m\u00e9dico de Puerto Rico, cuenta con la experiencia y el conocimiento en los m\u00e9todos de SCRUM y Kanban adem\u00e1s de poseer las siguientes certificaciones: Kanban Essentials Professional Certificate, Agile thinking leaderAgile thinking leader, Agile Coach Professional Certificate (ACPC), PROFESSIONAL AGILE COACH, Scrum Master Expert, Psicolog\u00eda de la Agilidad, DevOps certified expert, Gesti\u00f3n \u00e1gil de productos digitales,Scrum foundation Prefessional, Scrum Master Certified (ESMC), Scrum fundantions, Product Owner (CSPO), SAFe for Teams Course (4.5), PMI Agile Certified Practitioner (PMI-ACP), Professional Scrum Master I.<\/p>\n","protected":false},"excerpt":{"rendered":"<p>OBJETIVO DEL CURSO1.Entender el rol de un Scrum Master basada en el Scrum Guide\u21222.Comprender las responsabilidades del Scrum Master3.Prepararse para ejercer el rol de un Scrum Master en una organizaci\u00f3n que usa Scrum.4.Entender los t\u00e9rminos y definiciones claves para pasar con \u00e9xito el examen de Scrum Master Professional Certificate SMPC\u00ae5.Alcanzar el reconocimiento con la Certificaci\u00f3n<\/p>\n","protected":false},"author":1,"featured_media":0,"parent":0,"menu_order":0,"comment_status":"closed","ping_status":"closed","template":"","meta":{"footnotes":""},"class_list":["post-721","page","type-page","status-publish","hentry"],"_links":{"self":[{"href":"https:\/\/www.agilethinks.com\/index.php\/wp-json\/wp\/v2\/pages\/721"}],"collection":[{"href":"https:\/\/www.agilethinks.com\/index.php\/wp-json\/wp\/v2\/pages"}],"about":[{"href":"https:\/\/www.agilethinks.com\/index.php\/wp-json\/wp\/v2\/types\/page"}],"author":[{"embeddable":true,"href":"https:\/\/www.agilethinks.com\/index.php\/wp-json\/wp\/v2\/users\/1"}],"replies":[{"embeddable":true,"href":"https:\/\/www.agilethinks.com\/index.php\/wp-json\/wp\/v2\/comments?post=721"}],"version-history":[{"count":7,"href":"https:\/\/www.agilethinks.com\/index.php\/wp-json\/wp\/v2\/pages\/721\/revisions"}],"predecessor-version":[{"id":740,"href":"https:\/\/www.agilethinks.com\/index.php\/wp-json\/wp\/v2\/pages\/721\/revisions\/740"}],"wp:attachment":[{"href":"https:\/\/www.agilethinks.com\/index.php\/wp-json\/wp\/v2\/media?parent=721"}],"curies":[{"name":"wp","href":"https:\/\/api.w.org\/{rel}","templated":true}]}}