{"id":702,"date":"2024-10-27T16:20:44","date_gmt":"2024-10-27T16:20:44","guid":{"rendered":"https:\/\/www.agilethinks.com\/?page_id=702"},"modified":"2024-10-27T17:30:42","modified_gmt":"2024-10-27T17:30:42","slug":"product-owner","status":"publish","type":"page","link":"https:\/\/www.agilethinks.com\/index.php\/product-owner\/","title":{"rendered":"PRODUCT OWNER"},"content":{"rendered":"\n<div class=\"wp-block-media-text is-stacked-on-mobile\"><figure class=\"wp-block-media-text__media\"><img loading=\"lazy\" decoding=\"async\" width=\"1024\" height=\"576\" src=\"http:\/\/www.agilethinks.com\/wp-content\/uploads\/2024\/10\/office-8748036_1280-1024x576.png\" alt=\"\" class=\"wp-image-696 size-full\" srcset=\"https:\/\/www.agilethinks.com\/wp-content\/uploads\/2024\/10\/office-8748036_1280-1024x576.png 1024w, https:\/\/www.agilethinks.com\/wp-content\/uploads\/2024\/10\/office-8748036_1280-300x169.png 300w, https:\/\/www.agilethinks.com\/wp-content\/uploads\/2024\/10\/office-8748036_1280-768x432.png 768w, https:\/\/www.agilethinks.com\/wp-content\/uploads\/2024\/10\/office-8748036_1280.png 1280w\" sizes=\"(max-width: 1024px) 100vw, 1024px\" \/><\/figure><div class=\"wp-block-media-text__content\">\n<p><strong>Objetivo del Curso<\/strong><\/p>\n\n\n\n<p>Este curso proporcionar\u00e1 una visi\u00f3n general y facilitar\u00e1 la comprensi\u00f3n de c\u00f3mo maximizar el valor del producto y el trabajo del equipo de desarrollo. Permitir\u00e1 entender el rol de un Product Owner seg\u00fan el Scrum Guide\u2122 y comprender sus responsabilidades. Se abordar\u00e1n el alcance, prop\u00f3sito, t\u00e9rminos y definiciones clave para el Scrum Product Owner Professional Certificate (SPOPC\u2122) y su aplicaci\u00f3n pr\u00e1ctica. Preparar\u00e1 a los participantes para asumir el rol de Product Owner en organizaciones que implementan Scrum, asegurando que comprendan los t\u00e9rminos y definiciones esenciales para aprobar con \u00e9xito el examen SPOPC\u2122 y ampliar su conocimiento sobre el rol de Product Owner. Adem\u00e1s, permitir\u00e1 obtener el reconocimiento mediante la Certificaci\u00f3n Profesional de CertiProf\u00ae.<\/p>\n\n\n\n<p><\/p>\n<\/div><\/div>\n\n\n\n<figure class=\"wp-block-pullquote\"><blockquote><p>&#8220;La inteligencia consiste no solo en el conocimiento, sino tambi\u00e9n en la destreza de aplicar los conocimientos en la pr\u00e1ctica\u201d Arist\u00f3teles<\/p><\/blockquote><\/figure>\n\n\n\n<p><strong>Programa del curso<\/strong><\/p>\n\n\n\n<div class=\"wp-block-columns is-layout-flex wp-container-core-columns-is-layout-1 wp-block-columns-is-layout-flex\">\n<div class=\"wp-block-column is-layout-flow wp-block-column-is-layout-flow\">\n<p><strong>M\u00f3dulo 1<\/strong><br>\u00bfQu\u00e9 es \u00c1gil?<br>M\u00e9todos Agiles<br>\u00bfComo surge?<br>\u00bfComo funciona?<br>\u00bfPor qu\u00e9 Metodolog\u00edas \u00c1giles?<br>Manifiesto \u00c1gil<br>4 Valores<br>12 Principios<br>Definici\u00f3n de Scrum en la Gu\u00eda (2020)<br>Teor\u00eda de Scrum<br>Pilares de Scrum<br>Valores de Scrum<\/p>\n<\/div>\n\n\n\n<div class=\"wp-block-column is-layout-flow wp-block-column-is-layout-flow\">\n<p><strong>M\u00f3dulo 2<\/strong><br>Teor\u00eda de Scrum<br>Pilares de Scrum<br>Valores de Scrum<\/p>\n<\/div>\n\n\n\n<div class=\"wp-block-column is-layout-flow wp-block-column-is-layout-flow\">\n<p><strong>M\u00f3dulo 3<\/strong><br>Scrum Team<br>Rol de Product Owner<br>Rol de Scrum Master<br>Rol de Developer Team<\/p>\n<\/div>\n\n\n\n<div class=\"wp-block-column is-layout-flow wp-block-column-is-layout-flow\">\n<p><strong>M\u00f3dulo 4<\/strong><br>Eventos de Scrum<br>Artfectos de Scrum<\/p>\n<\/div>\n\n\n\n<div class=\"wp-block-column is-layout-flow wp-block-column-is-layout-flow\">\n<p><strong>M\u00f3dulo 5<\/strong><br>Pr\u00e1cticas de Product Onwer<\/p>\n<\/div>\n\n\n\n<div class=\"wp-block-column is-layout-flow wp-block-column-is-layout-flow\">\n<p><strong>M\u00f3dulo 6<\/strong><br>Pr\u00e1ctica de Examen<\/p>\n<\/div>\n<\/div>\n\n\n\n<hr class=\"wp-block-separator has-alpha-channel-opacity\"\/>\n\n\n\n<p><strong>HORARIO DE CLASE<\/strong><br>Jueves de 7 PM a 8 PM y viernes de 7 a 8 PM, contamos con otros horarios seg\u00fan la necesidad del alumno.<\/p>\n\n\n\n<p><strong>SOBRE EL PROFESOR<\/strong><br>Daniel Chavez cuenta con m\u00e1s de 25 a\u00f1os de experiencia en la industria de tecnolog\u00eda de la informaci\u00f3n, se ha desrrollado como programador y analista de sistemas en donde ha trabajado en el area de telecomunicaciones, seguro m\u00e9dico entre otros. En los ultimos a\u00f1os est\u00e1 trabajando como Scrum Master en un plan m\u00e9dico de Puerto Rico, cuenta con la experiencia y el conocimiento en los m\u00e9todos de SCRUM y Kanban adem\u00e1s de poseer las siguientes certificaciones: Kanban Essentials Professional Certificate, Agile thinking leaderAgile thinking leader, Agile Coach Professional Certificate (ACPC), PROFESSIONAL AGILE COACH, Scrum Master Expert, Psicolog\u00eda de la Agilidad, DevOps certified expert, Gesti\u00f3n \u00e1gil de productos digitales,Scrum foundation Prefessional, Scrum Master Certified (ESMC), Scrum fundantions, Product Owner (CSPO), SAFe for Teams Course (4.5), PMI Agile Certified Practitioner (PMI-ACP), Professional Scrum Master I.<\/p>\n","protected":false},"excerpt":{"rendered":"<p>Objetivo del Curso Este curso proporcionar\u00e1 una visi\u00f3n general y facilitar\u00e1 la comprensi\u00f3n de c\u00f3mo maximizar el valor del producto y el trabajo del equipo de desarrollo. Permitir\u00e1 entender el rol de un Product Owner seg\u00fan el Scrum Guide\u2122 y comprender sus responsabilidades. Se abordar\u00e1n el alcance, prop\u00f3sito, t\u00e9rminos y definiciones clave para el Scrum<\/p>\n","protected":false},"author":1,"featured_media":0,"parent":0,"menu_order":0,"comment_status":"closed","ping_status":"closed","template":"","meta":{"footnotes":""},"class_list":["post-702","page","type-page","status-publish","hentry"],"_links":{"self":[{"href":"https:\/\/www.agilethinks.com\/index.php\/wp-json\/wp\/v2\/pages\/702"}],"collection":[{"href":"https:\/\/www.agilethinks.com\/index.php\/wp-json\/wp\/v2\/pages"}],"about":[{"href":"https:\/\/www.agilethinks.com\/index.php\/wp-json\/wp\/v2\/types\/page"}],"author":[{"embeddable":true,"href":"https:\/\/www.agilethinks.com\/index.php\/wp-json\/wp\/v2\/users\/1"}],"replies":[{"embeddable":true,"href":"https:\/\/www.agilethinks.com\/index.php\/wp-json\/wp\/v2\/comments?post=702"}],"version-history":[{"count":11,"href":"https:\/\/www.agilethinks.com\/index.php\/wp-json\/wp\/v2\/pages\/702\/revisions"}],"predecessor-version":[{"id":730,"href":"https:\/\/www.agilethinks.com\/index.php\/wp-json\/wp\/v2\/pages\/702\/revisions\/730"}],"wp:attachment":[{"href":"https:\/\/www.agilethinks.com\/index.php\/wp-json\/wp\/v2\/media?parent=702"}],"curies":[{"name":"wp","href":"https:\/\/api.w.org\/{rel}","templated":true}]}}