{"id":678,"date":"2024-10-27T15:42:05","date_gmt":"2024-10-27T15:42:05","guid":{"rendered":"https:\/\/www.agilethinks.com\/?page_id=678"},"modified":"2024-10-27T17:40:22","modified_gmt":"2024-10-27T17:40:22","slug":"scrum","status":"publish","type":"page","link":"https:\/\/www.agilethinks.com\/index.php\/scrum\/","title":{"rendered":"SCRUM MASTER"},"content":{"rendered":"\n<div class=\"wp-block-media-text is-stacked-on-mobile\"><figure class=\"wp-block-media-text__media\"><img loading=\"lazy\" decoding=\"async\" width=\"768\" height=\"1024\" src=\"https:\/\/www.agilethinks.com\/wp-content\/uploads\/2024\/10\/Scrumfoundation-768x1024.jpg\" alt=\"\" class=\"wp-image-679 size-full\" srcset=\"https:\/\/www.agilethinks.com\/wp-content\/uploads\/2024\/10\/Scrumfoundation-768x1024.jpg 768w, https:\/\/www.agilethinks.com\/wp-content\/uploads\/2024\/10\/Scrumfoundation-225x300.jpg 225w, https:\/\/www.agilethinks.com\/wp-content\/uploads\/2024\/10\/Scrumfoundation-1152x1536.jpg 1152w, https:\/\/www.agilethinks.com\/wp-content\/uploads\/2024\/10\/Scrumfoundation-1536x2048.jpg 1536w, https:\/\/www.agilethinks.com\/wp-content\/uploads\/2024\/10\/Scrumfoundation-scaled.jpg 1920w\" sizes=\"(max-width: 768px) 100vw, 768px\" \/><\/figure><div class=\"wp-block-media-text__content\">\n<p><strong>OBJETIVO DEL CURSO<\/strong><br>1.Entender el rol de un Scrum Master basada en el Scrum Guide\u2122<br>2.Comprender las responsabilidades del Scrum Master<br>3.Prepararse para ejercer el rol de un Scrum Master en una organizaci\u00f3n que usa Scrum.<br>4.Entender los t\u00e9rminos y definiciones claves para pasar con \u00e9xito el examen de Scrum Master Professional Certificate SMPC\u00ae<br>5.Alcanzar el reconocimiento con la Certificaci\u00f3n Profesional de CertiProf\u00ae<\/p>\n\n\n\n<p><strong>\u00bfQui\u00e9n debe atender esta certificaci\u00f3n?<\/strong><br>Cualquier persona que est\u00e9 interesada en ampliar sus conocimientos en el Rol de Scrum Master.<br>IT Leadership (Managers\/Directors\/VPs\/CIOs\/CTOs)<br>Project Managers<br>Product Owners<br>Aspiring Scrum Masters<br>Team Leaders<\/p>\n<\/div><\/div>\n\n\n\n<blockquote class=\"wp-block-quote is-layout-flow wp-block-quote-is-layout-flow\">\n<p class=\"has-medium-font-size\">\u201cLa inteligencia consiste no solo en el conocimiento, sino tambi\u00e9n en la destreza de aplicar los conocimientos en la pr\u00e1ctica\u201d Arist\u00f3teles<\/p>\n<\/blockquote>\n\n\n\n<p><strong>PROGRAMA DEL CURSO<\/strong><\/p>\n\n\n\n<p>A continuaci\u00f3n, se presenta el detalle de los temas que se abordar\u00e1n en el curso:<\/p>\n\n\n\n<p>1. Introducci\u00f3n a la agilidad: Este m\u00f3dulo tiene como prop\u00f3sito ofrecer una visi\u00f3n general de qu\u00e9 es la agilidad, estudiando sus valores y principios.<\/p>\n\n\n\n<p>2. \u00bfQu\u00e9 es Scrum? Se explorar\u00e1 el significado, la definici\u00f3n y la teor\u00eda de SCRUM en esta secci\u00f3n.<\/p>\n\n\n\n<p>3. Valores de Scrum: Se definir\u00e1n y explicar\u00e1n los valores y c\u00f3mo se aplican en la pr\u00e1ctica.<\/p>\n\n\n\n<p>4. Scrum Team: Se definir\u00e1 y explicar\u00e1 cada rol y sus responsabilidades dentro del equipo SCRUM.<\/p>\n\n\n\n<p>5. Eventos de Scrum: Se explicar\u00e1 cada ceremonia que forma parte de un sprint.<\/p>\n\n\n\n<p>6. Artefactos de Scrum: Se detallar\u00e1n los tres artefactos de scrum: el product backlog, el sprint backlog y el incremento.<\/p>\n\n\n\n<p>7. Conceptos avanzados de Scrum: Se tratar\u00e1n temas como el uso del tablero, la estimaci\u00f3n con planning poker, las tareas, y el uso y prop\u00f3sito de las historias de usuario.<\/p>\n\n\n\n<p>8. Actuar como Scrum Master: Se discutir\u00e1 el rol y la actuaci\u00f3n de un Scrum Master dentro del marco de trabajo Scrum.<\/p>\n\n\n\n<p>9. Preparaci\u00f3n para el examen: Se ofrecer\u00e1n ex\u00e1menes de simulaci\u00f3n para que los alumnos validen los conocimientos adquiridos.<\/p>\n\n\n\n<p><strong>HORARIO DE CLASE<\/strong><br>Lunes de 7 PM a 8 PM y mi\u00e9rcoles de 7 a 8 PM, contamos con otros horarios seg\u00fan la necesidad del alumno.<\/p>\n\n\n\n<p><strong>SOBRE EL PROFESOR<\/strong><br>Daniel Chavez cuenta con m\u00e1s de 25 a\u00f1os de experiencia en la industria de tecnolog\u00eda de la informaci\u00f3n, se ha desrrollado como programador y analista de sistemas en donde ha trabajado en el area de telecomunicaciones, seguro m\u00e9dico entre otros. En los ultimos a\u00f1os est\u00e1 trabajando como Scrum Master en un plan m\u00e9dico de Puerto Rico, cuenta con la experiencia y el conocimiento en los m\u00e9todos de SCRUM y Kanban adem\u00e1s de poseer las siguientes certificaciones: Kanban Essentials Professional Certificate, Agile thinking leaderAgile thinking leader, Agile Coach Professional Certificate (ACPC), PROFESSIONAL AGILE COACH, Scrum Master Expert, Psicolog\u00eda de la Agilidad, DevOps certified expert, Gesti\u00f3n \u00e1gil de productos digitales,Scrum foundation Prefessional, Scrum Master Certified (ESMC), Scrum fundantions, Product Owner (CSPO), SAFe for Teams Course (4.5), PMI Agile Certified Practitioner (PMI-ACP), Professional Scrum Master I.<\/p>\n\n\n\n<p><\/p>\n","protected":false},"excerpt":{"rendered":"<p>OBJETIVO DEL CURSO1.Entender el rol de un Scrum Master basada en el Scrum Guide\u21222.Comprender las responsabilidades del Scrum Master3.Prepararse para ejercer el rol de un Scrum Master en una organizaci\u00f3n que usa Scrum.4.Entender los t\u00e9rminos y definiciones claves para pasar con \u00e9xito el examen de Scrum Master Professional Certificate SMPC\u00ae5.Alcanzar el reconocimiento con la Certificaci\u00f3n<\/p>\n","protected":false},"author":1,"featured_media":0,"parent":0,"menu_order":0,"comment_status":"closed","ping_status":"closed","template":"","meta":{"footnotes":""},"class_list":["post-678","page","type-page","status-publish","hentry"],"_links":{"self":[{"href":"https:\/\/www.agilethinks.com\/index.php\/wp-json\/wp\/v2\/pages\/678"}],"collection":[{"href":"https:\/\/www.agilethinks.com\/index.php\/wp-json\/wp\/v2\/pages"}],"about":[{"href":"https:\/\/www.agilethinks.com\/index.php\/wp-json\/wp\/v2\/types\/page"}],"author":[{"embeddable":true,"href":"https:\/\/www.agilethinks.com\/index.php\/wp-json\/wp\/v2\/users\/1"}],"replies":[{"embeddable":true,"href":"https:\/\/www.agilethinks.com\/index.php\/wp-json\/wp\/v2\/comments?post=678"}],"version-history":[{"count":7,"href":"https:\/\/www.agilethinks.com\/index.php\/wp-json\/wp\/v2\/pages\/678\/revisions"}],"predecessor-version":[{"id":736,"href":"https:\/\/www.agilethinks.com\/index.php\/wp-json\/wp\/v2\/pages\/678\/revisions\/736"}],"wp:attachment":[{"href":"https:\/\/www.agilethinks.com\/index.php\/wp-json\/wp\/v2\/media?parent=678"}],"curies":[{"name":"wp","href":"https:\/\/api.w.org\/{rel}","templated":true}]}}