{"id":22,"date":"2018-02-12T14:48:01","date_gmt":"2018-02-12T14:48:01","guid":{"rendered":"http:\/\/agilethinks.com\/index.php\/courses\/"},"modified":"2024-10-27T18:08:07","modified_gmt":"2024-10-27T18:08:07","slug":"courses","status":"publish","type":"page","link":"https:\/\/www.agilethinks.com\/index.php\/courses\/","title":{"rendered":"Cursos"},"content":{"rendered":"\n<div class=\"wp-block-media-text is-stacked-on-mobile\"><figure class=\"wp-block-media-text__media\"><img loading=\"lazy\" decoding=\"async\" width=\"1024\" height=\"683\" src=\"https:\/\/www.agilethinks.com\/wp-content\/uploads\/2024\/10\/scrumfoundation1-1024x683.jpg\" alt=\"\" class=\"wp-image-675 size-full\" srcset=\"https:\/\/www.agilethinks.com\/wp-content\/uploads\/2024\/10\/scrumfoundation1-1024x683.jpg 1024w, https:\/\/www.agilethinks.com\/wp-content\/uploads\/2024\/10\/scrumfoundation1-300x200.jpg 300w, https:\/\/www.agilethinks.com\/wp-content\/uploads\/2024\/10\/scrumfoundation1-768x512.jpg 768w, https:\/\/www.agilethinks.com\/wp-content\/uploads\/2024\/10\/scrumfoundation1-1536x1024.jpg 1536w, https:\/\/www.agilethinks.com\/wp-content\/uploads\/2024\/10\/scrumfoundation1-2048x1365.jpg 2048w\" sizes=\"(max-width: 1024px) 100vw, 1024px\" \/><\/figure><div class=\"wp-block-media-text__content\">\n<p><strong><a href=\"https:\/\/www.agilethinks.com\/index.php\/scrum-foundation\/\" data-type=\"page\" data-id=\"615\">SCRUM FOUNDATION <\/a><\/strong><\/p>\n\n\n\n<p><strong>OBJETIVO DEL CURSO<\/strong><br>1.Entender el marco Scrum basado en el Scrum Guide\u2122.<br>2.Comprender las responsabilidades de cada rol.<br>3.Prepararse para participar en un equipo Scrum de en una organizaci\u00f3n que usa Scrum.<br>4.Entender los t\u00e9rminos y definiciones claves para pasar con \u00e9xito el examen de Scrum foundation.<br>5.Alcanzar el reconocimiento con la Certificaci\u00f3n Profesional de CertiProf\u00ae<\/p>\n\n\n\n<p><a href=\"https:\/\/www.agilethinks.com\/index.php\/scrum-foundation\/\" data-type=\"page\" data-id=\"615\"><strong>Detalle del cruso<\/strong><\/a><\/p>\n\n\n\n<div class=\"wp-block-file\"><a id=\"wp-block-file--media-a333d262-80b8-4920-b3e3-926978254fe8\" href=\"https:\/\/www.agilethinks.com\/wp-content\/uploads\/2024\/10\/Propuesta_de_estudio_de_SFPC_AgileThinks.docx\"><strong>Propuesta_de_estudios<\/strong><\/a><a href=\"https:\/\/www.agilethinks.com\/wp-content\/uploads\/2024\/10\/Propuesta_de_estudio_de_SFPC_AgileThinks.docx\" class=\"wp-block-file__button wp-element-button\" download aria-describedby=\"wp-block-file--media-a333d262-80b8-4920-b3e3-926978254fe8\">Download<\/a><\/div>\n<\/div><\/div>\n\n\n\n<hr class=\"wp-block-separator has-alpha-channel-opacity\"\/>\n\n\n\n<div class=\"wp-block-media-text is-stacked-on-mobile\"><figure class=\"wp-block-media-text__media\"><img loading=\"lazy\" decoding=\"async\" width=\"1024\" height=\"683\" src=\"https:\/\/www.agilethinks.com\/wp-content\/uploads\/2024\/10\/scrum_agile-1024x683.jpg\" alt=\"\" class=\"wp-image-688 size-full\" srcset=\"https:\/\/www.agilethinks.com\/wp-content\/uploads\/2024\/10\/scrum_agile-1024x683.jpg 1024w, https:\/\/www.agilethinks.com\/wp-content\/uploads\/2024\/10\/scrum_agile-300x200.jpg 300w, https:\/\/www.agilethinks.com\/wp-content\/uploads\/2024\/10\/scrum_agile-768x512.jpg 768w, https:\/\/www.agilethinks.com\/wp-content\/uploads\/2024\/10\/scrum_agile.jpg 1280w\" sizes=\"(max-width: 1024px) 100vw, 1024px\" \/><\/figure><div class=\"wp-block-media-text__content\">\n<p><strong><a href=\"https:\/\/www.agilethinks.com\/index.php\/scrum\/\" data-type=\"page\" data-id=\"678\">SCRUM MASTER<\/a><\/strong><\/p>\n\n\n\n<p><strong>OBJETIVO DEL CURSO<\/strong><br>1.Entender el rol de un Scrum Master basada en el Scrum Guide\u2122<br>2.Comprender las responsabilidades del Scrum Master<br>3.Prepararse para ejercer el rol de un Scrum Master en una organizaci\u00f3n que usa Scrum.<br>4.Entender los t\u00e9rminos y definiciones claves para pasar con \u00e9xito el examen de Scrum Master Professional Certificate SMPC\u00ae<br>5.Alcanzar el reconocimiento con la Certificaci\u00f3n Profesional de CertiProf\u00ae<\/p>\n\n\n\n<p><a href=\"https:\/\/www.agilethinks.com\/index.php\/scrum\/\" data-type=\"page\" data-id=\"678\"><strong>Detalle del curso<\/strong><\/a><\/p>\n<\/div><\/div>\n\n\n\n<hr class=\"wp-block-separator has-alpha-channel-opacity\"\/>\n\n\n\n<div class=\"wp-block-media-text is-stacked-on-mobile\"><figure class=\"wp-block-media-text__media\"><img loading=\"lazy\" decoding=\"async\" width=\"1024\" height=\"682\" src=\"http:\/\/www.agilethinks.com\/wp-content\/uploads\/2024\/10\/office-desk-6952919_1280-1024x682.jpg\" alt=\"\" class=\"wp-image-694 size-full\" srcset=\"https:\/\/www.agilethinks.com\/wp-content\/uploads\/2024\/10\/office-desk-6952919_1280-1024x682.jpg 1024w, https:\/\/www.agilethinks.com\/wp-content\/uploads\/2024\/10\/office-desk-6952919_1280-300x200.jpg 300w, https:\/\/www.agilethinks.com\/wp-content\/uploads\/2024\/10\/office-desk-6952919_1280-768x512.jpg 768w, https:\/\/www.agilethinks.com\/wp-content\/uploads\/2024\/10\/office-desk-6952919_1280.jpg 1280w\" sizes=\"(max-width: 1024px) 100vw, 1024px\" \/><\/figure><div class=\"wp-block-media-text__content\">\n<p><strong><a href=\"https:\/\/www.agilethinks.com\/index.php\/product-owner\/\" data-type=\"page\" data-id=\"702\">PRODUCT OWNER<\/a><\/strong><\/p>\n\n\n\n<p><strong>OBJETIVO DEL CURSO<\/strong><br>Este curso ofrece una visi\u00f3n general y ense\u00f1a c\u00f3mo maximizar el valor del producto y la labor del Equipo de Desarrollo. Permite entender el rol de un Product Owner seg\u00fan el Scrum Guide\u2122 y comprender sus responsabilidades. Se abordan el alcance, prop\u00f3sito, t\u00e9rminos y definiciones clave para el Scrum Product Owner Professional Certificate (SPOPC\u2122) y su aplicaci\u00f3n pr\u00e1ctica. Prepara a los participantes para asumir el rol de Product Owner en organizaciones que implementan Scrum, asegurando que comprendan los t\u00e9rminos y definiciones esenciales para superar el examen de certificaci\u00f3n SPOPC\u2122 y ampliar su conocimiento sobre el rol. Adem\u00e1s, posibilita obtener el reconocimiento mediante la Certificaci\u00f3n Profesional de CertiProf\u00ae.<\/p>\n\n\n\n<p><a href=\"https:\/\/www.agilethinks.com\/index.php\/product-owner\/\" data-type=\"page\" data-id=\"702\"><strong>Detalle del curso<\/strong><\/a><\/p>\n<\/div><\/div>\n\n\n\n<hr class=\"wp-block-separator has-alpha-channel-opacity\"\/>\n\n\n\n<div class=\"wp-block-media-text is-stacked-on-mobile\"><figure class=\"wp-block-media-text__media\"><img loading=\"lazy\" decoding=\"async\" width=\"1024\" height=\"682\" src=\"https:\/\/www.agilethinks.com\/wp-content\/uploads\/2024\/10\/business-8859960_1280-1024x682.jpg\" alt=\"\" class=\"wp-image-741 size-full\" srcset=\"https:\/\/www.agilethinks.com\/wp-content\/uploads\/2024\/10\/business-8859960_1280-1024x682.jpg 1024w, https:\/\/www.agilethinks.com\/wp-content\/uploads\/2024\/10\/business-8859960_1280-300x200.jpg 300w, https:\/\/www.agilethinks.com\/wp-content\/uploads\/2024\/10\/business-8859960_1280-768x512.jpg 768w, https:\/\/www.agilethinks.com\/wp-content\/uploads\/2024\/10\/business-8859960_1280.jpg 1280w\" sizes=\"(max-width: 1024px) 100vw, 1024px\" \/><\/figure><div class=\"wp-block-media-text__content\">\n<p><strong><a href=\"https:\/\/www.agilethinks.com\/index.php\/scrum-developer\/\" data-type=\"page\" data-id=\"721\">SCRUM DEVELOPER<\/a><\/strong><\/p>\n\n\n\n<p><strong>OBJETIVO DEL CURSO<\/strong><br>1.Entender el rol de un Scrum Master basada en el Scrum Guide\u2122<br>2.Comprender las responsabilidades del Scrum Master.<br>3.Prepararse para ejercer el rol de un Scrum Master en una organizaci\u00f3n que usa Scrum.<br>4.Entender los t\u00e9rminos y definiciones claves para pasar con \u00e9xito el examen de Scrum Master. Professional Certificate SMPC\u00ae.<br>5.Alcanzar el reconocimiento con la Certificaci\u00f3n Profesional de CertiProf\u00ae.<\/p>\n\n\n\n<p><strong>\u00bfQui\u00e9n debe atender esta certificaci\u00f3n?<\/strong><\/p>\n\n\n\n<p>Cualquier persona que est\u00e9 interesada en ampliar sus conocimientos en el Rol de Scrum Developer.<\/p>\n\n\n\n<p>IT Leadership (Managers\/Directors\/VPs\/CIOs\/CTOs)<br>Project Managers<br>Product Owners<br>Scrum Masters<br>Aspirantes a ser Scrum Developers<br>Team Leaders<\/p>\n\n\n\n<p><a href=\"https:\/\/www.agilethinks.com\/index.php\/scrum-developer\/\" data-type=\"page\" data-id=\"721\">Detalle del curso<\/a><\/p>\n<\/div><\/div>\n\n\n\n<hr class=\"wp-block-separator has-alpha-channel-opacity\"\/>\n\n\n\n<p><\/p>\n","protected":false},"excerpt":{"rendered":"<p>SCRUM MASTER OBJETIVO DEL CURSO1.Entender el rol de un Scrum Master basada en el Scrum Guide\u21222.Comprender las responsabilidades del Scrum Master3.Prepararse para ejercer el rol de un Scrum Master en una organizaci\u00f3n que usa Scrum.4.Entender los t\u00e9rminos y definiciones claves para pasar con \u00e9xito el examen de Scrum Master Professional Certificate SMPC\u00ae5.Alcanzar el reconocimiento con<\/p>\n","protected":false},"author":1,"featured_media":0,"parent":0,"menu_order":0,"comment_status":"closed","ping_status":"closed","template":"","meta":{"footnotes":""},"class_list":["post-22","page","type-page","status-publish","hentry"],"_links":{"self":[{"href":"https:\/\/www.agilethinks.com\/index.php\/wp-json\/wp\/v2\/pages\/22"}],"collection":[{"href":"https:\/\/www.agilethinks.com\/index.php\/wp-json\/wp\/v2\/pages"}],"about":[{"href":"https:\/\/www.agilethinks.com\/index.php\/wp-json\/wp\/v2\/types\/page"}],"author":[{"embeddable":true,"href":"https:\/\/www.agilethinks.com\/index.php\/wp-json\/wp\/v2\/users\/1"}],"replies":[{"embeddable":true,"href":"https:\/\/www.agilethinks.com\/index.php\/wp-json\/wp\/v2\/comments?post=22"}],"version-history":[{"count":26,"href":"https:\/\/www.agilethinks.com\/index.php\/wp-json\/wp\/v2\/pages\/22\/revisions"}],"predecessor-version":[{"id":756,"href":"https:\/\/www.agilethinks.com\/index.php\/wp-json\/wp\/v2\/pages\/22\/revisions\/756"}],"wp:attachment":[{"href":"https:\/\/www.agilethinks.com\/index.php\/wp-json\/wp\/v2\/media?parent=22"}],"curies":[{"name":"wp","href":"https:\/\/api.w.org\/{rel}","templated":true}]}}